{"id":195932,"date":"2025-12-02T13:48:59","date_gmt":"2025-12-02T13:48:59","guid":{"rendered":"https:\/\/propriobateau.ca\/?page_id=195932"},"modified":"2026-02-01T17:26:29","modified_gmt":"2026-02-01T17:26:29","slug":"service-de-reparation-refrigeration-et-climatisation","status":"publish","type":"page","link":"https:\/\/propriobateau.ca\/en\/service-de-reparation-refrigeration-et-climatisation\/","title":{"rendered":"REFRIFERATION AND AIR CONDITIONING REPAIR SERVICE FOR BOATS"},"content":{"rendered":"<div data-elementor-type=\"wp-page\" data-elementor-id=\"195932\" class=\"elementor elementor-195932\">\n\t\t\t\t<div class=\"elementor-element elementor-element-fb11909 e-flex e-con-boxed e-con e-parent\" data-id=\"fb11909\" data-element_type=\"container\" data-e-type=\"container\">\n\t\t\t\t\t<div class=\"e-con-inner\">\n\t\t\t\t\t<\/div>\n\t\t\t\t<\/div>\n\t\t<div class=\"elementor-element elementor-element-e8b5e2b e-flex e-con-boxed e-con e-parent\" data-id=\"e8b5e2b\" data-element_type=\"container\" data-e-type=\"container\">\n\t\t\t\t\t<div class=\"e-con-inner\">\n\t\t\t\t<div class=\"elementor-element elementor-element-dd809f5 elementor-widget__width-initial elementor-widget elementor-widget-text-editor\" data-id=\"dd809f5\" data-element_type=\"widget\" data-e-type=\"widget\" data-widget_type=\"text-editor.default\">\n\t\t\t\t\t\t\t\t\t<div style=\"color: white;\">\n<h4>Refrigeration and air conditioning repair service for boats.<\/h4>\n<h4>For fast, professional service, contact GES-MEC, a company that also specializes in boats, with a highly efficient mobile service.<\/h4>\n<h4><a style=\"color: blue;\" href=\"https:\/\/www.ges-mec-vr.com\/division-marine\/\"> click here <\/a>to visit their website.<\/h4>\n<p>Phone<br \/>\n1-866-943-7632<\/p>\n<p>E-Mail<br \/>\nJason@ges-mec-vr.com<\/div>\t\t\t\t\t\t\t\t<\/div>\n\t\t\t\t<div class=\"elementor-element elementor-element-9ab7586 elementor-widget__width-initial elementor-widget elementor-widget-image\" data-id=\"9ab7586\" data-element_type=\"widget\" data-e-type=\"widget\" data-widget_type=\"image.default\">\n\t\t\t\t\t\t\t\t\t\t\t\t\t\t\t<img fetchpriority=\"high\" decoding=\"async\" data-attachment-id=\"199098\" data-permalink=\"https:\/\/propriobateau.ca\/en\/service-de-reparation-refrigeration-et-climatisation\/thumbnail_img_4957-2\/\" data-orig-file=\"https:\/\/i0.wp.com\/propriobateau.ca\/wp-content\/uploads\/2026\/02\/thumbnail_IMG_4957-2.jpg?fit=1170%2C497&amp;ssl=1\" data-orig-size=\"1170,497\" data-comments-opened=\"1\" data-image-meta=\"{&quot;aperture&quot;:&quot;0&quot;,&quot;credit&quot;:&quot;&quot;,&quot;camera&quot;:&quot;&quot;,&quot;caption&quot;:&quot;&quot;,&quot;created_timestamp&quot;:&quot;0&quot;,&quot;copyright&quot;:&quot;&quot;,&quot;focal_length&quot;:&quot;0&quot;,&quot;iso&quot;:&quot;0&quot;,&quot;shutter_speed&quot;:&quot;0&quot;,&quot;title&quot;:&quot;&quot;,&quot;orientation&quot;:&quot;0&quot;}\" data-image-title=\"thumbnail_IMG_4957 (2)\" data-image-description=\"\" data-image-caption=\"\" data-large-file=\"https:\/\/i0.wp.com\/propriobateau.ca\/wp-content\/uploads\/2026\/02\/thumbnail_IMG_4957-2.jpg?fit=600%2C255&amp;ssl=1\" width=\"1170\" height=\"497\" src=\"https:\/\/i0.wp.com\/propriobateau.ca\/wp-content\/uploads\/2026\/02\/thumbnail_IMG_4957-2.jpg?fit=1170%2C497&amp;ssl=1\" class=\"attachment-2048x2048 size-2048x2048 wp-image-199098\" alt=\"\" srcset=\"https:\/\/i0.wp.com\/propriobateau.ca\/wp-content\/uploads\/2026\/02\/thumbnail_IMG_4957-2.jpg?w=1170&amp;ssl=1 1170w, https:\/\/i0.wp.com\/propriobateau.ca\/wp-content\/uploads\/2026\/02\/thumbnail_IMG_4957-2.jpg?resize=300%2C127&amp;ssl=1 300w, https:\/\/i0.wp.com\/propriobateau.ca\/wp-content\/uploads\/2026\/02\/thumbnail_IMG_4957-2.jpg?resize=1024%2C435&amp;ssl=1 1024w, https:\/\/i0.wp.com\/propriobateau.ca\/wp-content\/uploads\/2026\/02\/thumbnail_IMG_4957-2.jpg?resize=768%2C326&amp;ssl=1 768w, https:\/\/i0.wp.com\/propriobateau.ca\/wp-content\/uploads\/2026\/02\/thumbnail_IMG_4957-2.jpg?resize=165%2C70&amp;ssl=1 165w\" sizes=\"(max-width: 600px) 100vw, 600px\" \/>\t\t\t\t\t\t\t\t\t\t\t\t\t\t\t<\/div>\n\t\t\t\t\t<\/div>\n\t\t\t\t<\/div>\n\t\t<div class=\"elementor-element elementor-element-3eb2158 e-flex e-con-boxed e-con e-parent\" data-id=\"3eb2158\" data-element_type=\"container\" data-e-type=\"container\">\n\t\t\t\t\t<div class=\"e-con-inner\">\n\t\t<div class=\"elementor-element elementor-element-d1818ce e-grid e-con-full e-con e-child\" data-id=\"d1818ce\" data-element_type=\"container\" data-e-type=\"container\">\n\t\t\t\t<div class=\"elementor-element elementor-element-fbacb61 elementor-widget elementor-widget-image\" data-id=\"fbacb61\" data-element_type=\"widget\" data-e-type=\"widget\" data-widget_type=\"image.default\">\n\t\t\t\t\t\t\t\t\t\t\t\t\t\t\t<img decoding=\"async\" data-attachment-id=\"199097\" data-permalink=\"https:\/\/propriobateau.ca\/en\/service-de-reparation-refrigeration-et-climatisation\/capture-decran-le-2025-06-12-a-12-59-37-568x568\/\" data-orig-file=\"https:\/\/i0.wp.com\/propriobateau.ca\/wp-content\/uploads\/2026\/02\/Capture-decran-le-2025-06-12-a-12.59.37-568x568-1.jpg?fit=568%2C568&amp;ssl=1\" data-orig-size=\"568,568\" data-comments-opened=\"1\" data-image-meta=\"{&quot;aperture&quot;:&quot;0&quot;,&quot;credit&quot;:&quot;&quot;,&quot;camera&quot;:&quot;&quot;,&quot;caption&quot;:&quot;&quot;,&quot;created_timestamp&quot;:&quot;0&quot;,&quot;copyright&quot;:&quot;&quot;,&quot;focal_length&quot;:&quot;0&quot;,&quot;iso&quot;:&quot;0&quot;,&quot;shutter_speed&quot;:&quot;0&quot;,&quot;title&quot;:&quot;&quot;,&quot;orientation&quot;:&quot;0&quot;}\" data-image-title=\"Capture-decran-le-2025-06-12-a-12.59.37-568&amp;#215;568\" data-image-description=\"\" data-image-caption=\"\" data-large-file=\"https:\/\/i0.wp.com\/propriobateau.ca\/wp-content\/uploads\/2026\/02\/Capture-decran-le-2025-06-12-a-12.59.37-568x568-1.jpg?fit=568%2C568&amp;ssl=1\" width=\"568\" height=\"568\" src=\"https:\/\/i0.wp.com\/propriobateau.ca\/wp-content\/uploads\/2026\/02\/Capture-decran-le-2025-06-12-a-12.59.37-568x568-1.jpg?fit=568%2C568&amp;ssl=1\" class=\"attachment-large size-large wp-image-199097\" alt=\"\" srcset=\"https:\/\/i0.wp.com\/propriobateau.ca\/wp-content\/uploads\/2026\/02\/Capture-decran-le-2025-06-12-a-12.59.37-568x568-1.jpg?w=568&amp;ssl=1 568w, https:\/\/i0.wp.com\/propriobateau.ca\/wp-content\/uploads\/2026\/02\/Capture-decran-le-2025-06-12-a-12.59.37-568x568-1.jpg?resize=300%2C300&amp;ssl=1 300w, https:\/\/i0.wp.com\/propriobateau.ca\/wp-content\/uploads\/2026\/02\/Capture-decran-le-2025-06-12-a-12.59.37-568x568-1.jpg?resize=150%2C150&amp;ssl=1 150w, https:\/\/i0.wp.com\/propriobateau.ca\/wp-content\/uploads\/2026\/02\/Capture-decran-le-2025-06-12-a-12.59.37-568x568-1.jpg?resize=100%2C100&amp;ssl=1 100w, https:\/\/i0.wp.com\/propriobateau.ca\/wp-content\/uploads\/2026\/02\/Capture-decran-le-2025-06-12-a-12.59.37-568x568-1.jpg?resize=165%2C165&amp;ssl=1 165w\" sizes=\"(max-width: 568px) 100vw, 568px\" \/>\t\t\t\t\t\t\t\t\t\t\t\t\t\t\t<\/div>\n\t\t\t\t<div class=\"elementor-element elementor-element-c8a6a11 elementor-widget elementor-widget-image\" data-id=\"c8a6a11\" data-element_type=\"widget\" data-e-type=\"widget\" data-widget_type=\"image.default\">\n\t\t\t\t\t\t\t\t\t\t\t\t\t\t\t<img decoding=\"async\" data-attachment-id=\"199096\" data-permalink=\"https:\/\/propriobateau.ca\/en\/service-de-reparation-refrigeration-et-climatisation\/capture-decran-le-2025-06-12-a-13-00-36-568x568\/\" data-orig-file=\"https:\/\/i0.wp.com\/propriobateau.ca\/wp-content\/uploads\/2026\/02\/Capture-decran-le-2025-06-12-a-13.00.36-568x568-1.jpg?fit=568%2C568&amp;ssl=1\" data-orig-size=\"568,568\" data-comments-opened=\"1\" data-image-meta=\"{&quot;aperture&quot;:&quot;0&quot;,&quot;credit&quot;:&quot;&quot;,&quot;camera&quot;:&quot;&quot;,&quot;caption&quot;:&quot;&quot;,&quot;created_timestamp&quot;:&quot;0&quot;,&quot;copyright&quot;:&quot;&quot;,&quot;focal_length&quot;:&quot;0&quot;,&quot;iso&quot;:&quot;0&quot;,&quot;shutter_speed&quot;:&quot;0&quot;,&quot;title&quot;:&quot;&quot;,&quot;orientation&quot;:&quot;0&quot;}\" data-image-title=\"Capture-decran-le-2025-06-12-a-13.00.36-568&amp;#215;568\" data-image-description=\"\" data-image-caption=\"\" data-large-file=\"https:\/\/i0.wp.com\/propriobateau.ca\/wp-content\/uploads\/2026\/02\/Capture-decran-le-2025-06-12-a-13.00.36-568x568-1.jpg?fit=568%2C568&amp;ssl=1\" width=\"568\" height=\"568\" src=\"https:\/\/i0.wp.com\/propriobateau.ca\/wp-content\/uploads\/2026\/02\/Capture-decran-le-2025-06-12-a-13.00.36-568x568-1.jpg?fit=568%2C568&amp;ssl=1\" class=\"attachment-large size-large wp-image-199096\" alt=\"\" srcset=\"https:\/\/i0.wp.com\/propriobateau.ca\/wp-content\/uploads\/2026\/02\/Capture-decran-le-2025-06-12-a-13.00.36-568x568-1.jpg?w=568&amp;ssl=1 568w, https:\/\/i0.wp.com\/propriobateau.ca\/wp-content\/uploads\/2026\/02\/Capture-decran-le-2025-06-12-a-13.00.36-568x568-1.jpg?resize=300%2C300&amp;ssl=1 300w, https:\/\/i0.wp.com\/propriobateau.ca\/wp-content\/uploads\/2026\/02\/Capture-decran-le-2025-06-12-a-13.00.36-568x568-1.jpg?resize=150%2C150&amp;ssl=1 150w, https:\/\/i0.wp.com\/propriobateau.ca\/wp-content\/uploads\/2026\/02\/Capture-decran-le-2025-06-12-a-13.00.36-568x568-1.jpg?resize=100%2C100&amp;ssl=1 100w, https:\/\/i0.wp.com\/propriobateau.ca\/wp-content\/uploads\/2026\/02\/Capture-decran-le-2025-06-12-a-13.00.36-568x568-1.jpg?resize=165%2C165&amp;ssl=1 165w\" sizes=\"(max-width: 568px) 100vw, 568px\" \/>\t\t\t\t\t\t\t\t\t\t\t\t\t\t\t<\/div>\n\t\t\t\t<div class=\"elementor-element elementor-element-c33022a elementor-widget elementor-widget-image\" data-id=\"c33022a\" data-element_type=\"widget\" data-e-type=\"widget\" data-widget_type=\"image.default\">\n\t\t\t\t\t\t\t\t\t\t\t\t\t\t\t<img loading=\"lazy\" decoding=\"async\" data-attachment-id=\"199095\" data-permalink=\"https:\/\/propriobateau.ca\/en\/service-de-reparation-refrigeration-et-climatisation\/capture-decran-le-2025-06-12-a-13-06-07-568x568\/\" data-orig-file=\"https:\/\/i0.wp.com\/propriobateau.ca\/wp-content\/uploads\/2026\/02\/Capture-decran-le-2025-06-12-a-13.06.07-568x568-1.jpg?fit=568%2C568&amp;ssl=1\" data-orig-size=\"568,568\" data-comments-opened=\"1\" data-image-meta=\"{&quot;aperture&quot;:&quot;0&quot;,&quot;credit&quot;:&quot;&quot;,&quot;camera&quot;:&quot;&quot;,&quot;caption&quot;:&quot;&quot;,&quot;created_timestamp&quot;:&quot;0&quot;,&quot;copyright&quot;:&quot;&quot;,&quot;focal_length&quot;:&quot;0&quot;,&quot;iso&quot;:&quot;0&quot;,&quot;shutter_speed&quot;:&quot;0&quot;,&quot;title&quot;:&quot;&quot;,&quot;orientation&quot;:&quot;0&quot;}\" data-image-title=\"Capture-decran-le-2025-06-12-a-13.06.07-568&amp;#215;568\" data-image-description=\"\" data-image-caption=\"\" data-large-file=\"https:\/\/i0.wp.com\/propriobateau.ca\/wp-content\/uploads\/2026\/02\/Capture-decran-le-2025-06-12-a-13.06.07-568x568-1.jpg?fit=568%2C568&amp;ssl=1\" width=\"568\" height=\"568\" src=\"https:\/\/i0.wp.com\/propriobateau.ca\/wp-content\/uploads\/2026\/02\/Capture-decran-le-2025-06-12-a-13.06.07-568x568-1.jpg?fit=568%2C568&amp;ssl=1\" class=\"attachment-large size-large wp-image-199095\" alt=\"\" srcset=\"https:\/\/i0.wp.com\/propriobateau.ca\/wp-content\/uploads\/2026\/02\/Capture-decran-le-2025-06-12-a-13.06.07-568x568-1.jpg?w=568&amp;ssl=1 568w, https:\/\/i0.wp.com\/propriobateau.ca\/wp-content\/uploads\/2026\/02\/Capture-decran-le-2025-06-12-a-13.06.07-568x568-1.jpg?resize=300%2C300&amp;ssl=1 300w, https:\/\/i0.wp.com\/propriobateau.ca\/wp-content\/uploads\/2026\/02\/Capture-decran-le-2025-06-12-a-13.06.07-568x568-1.jpg?resize=150%2C150&amp;ssl=1 150w, https:\/\/i0.wp.com\/propriobateau.ca\/wp-content\/uploads\/2026\/02\/Capture-decran-le-2025-06-12-a-13.06.07-568x568-1.jpg?resize=100%2C100&amp;ssl=1 100w, https:\/\/i0.wp.com\/propriobateau.ca\/wp-content\/uploads\/2026\/02\/Capture-decran-le-2025-06-12-a-13.06.07-568x568-1.jpg?resize=165%2C165&amp;ssl=1 165w\" sizes=\"(max-width: 568px) 100vw, 568px\" \/>\t\t\t\t\t\t\t\t\t\t\t\t\t\t\t<\/div>\n\t\t\t\t<div class=\"elementor-element elementor-element-879f97d elementor-widget elementor-widget-image\" data-id=\"879f97d\" data-element_type=\"widget\" data-e-type=\"widget\" data-widget_type=\"image.default\">\n\t\t\t\t\t\t\t\t\t\t\t\t\t\t\t<img loading=\"lazy\" decoding=\"async\" data-attachment-id=\"199094\" data-permalink=\"https:\/\/propriobateau.ca\/en\/service-de-reparation-refrigeration-et-climatisation\/capture-decran-le-2025-06-12-a-13-00-02-568x568\/\" data-orig-file=\"https:\/\/i0.wp.com\/propriobateau.ca\/wp-content\/uploads\/2026\/02\/Capture-decran-le-2025-06-12-a-13.00.02-568x568-1.jpg?fit=568%2C568&amp;ssl=1\" data-orig-size=\"568,568\" data-comments-opened=\"1\" data-image-meta=\"{&quot;aperture&quot;:&quot;0&quot;,&quot;credit&quot;:&quot;&quot;,&quot;camera&quot;:&quot;&quot;,&quot;caption&quot;:&quot;&quot;,&quot;created_timestamp&quot;:&quot;0&quot;,&quot;copyright&quot;:&quot;&quot;,&quot;focal_length&quot;:&quot;0&quot;,&quot;iso&quot;:&quot;0&quot;,&quot;shutter_speed&quot;:&quot;0&quot;,&quot;title&quot;:&quot;&quot;,&quot;orientation&quot;:&quot;0&quot;}\" data-image-title=\"Capture-decran-le-2025-06-12-a-13.00.02-568&amp;#215;568\" data-image-description=\"\" data-image-caption=\"\" data-large-file=\"https:\/\/i0.wp.com\/propriobateau.ca\/wp-content\/uploads\/2026\/02\/Capture-decran-le-2025-06-12-a-13.00.02-568x568-1.jpg?fit=568%2C568&amp;ssl=1\" width=\"568\" height=\"568\" src=\"https:\/\/i0.wp.com\/propriobateau.ca\/wp-content\/uploads\/2026\/02\/Capture-decran-le-2025-06-12-a-13.00.02-568x568-1.jpg?fit=568%2C568&amp;ssl=1\" class=\"attachment-large size-large wp-image-199094\" alt=\"\" srcset=\"https:\/\/i0.wp.com\/propriobateau.ca\/wp-content\/uploads\/2026\/02\/Capture-decran-le-2025-06-12-a-13.00.02-568x568-1.jpg?w=568&amp;ssl=1 568w, https:\/\/i0.wp.com\/propriobateau.ca\/wp-content\/uploads\/2026\/02\/Capture-decran-le-2025-06-12-a-13.00.02-568x568-1.jpg?resize=300%2C300&amp;ssl=1 300w, https:\/\/i0.wp.com\/propriobateau.ca\/wp-content\/uploads\/2026\/02\/Capture-decran-le-2025-06-12-a-13.00.02-568x568-1.jpg?resize=150%2C150&amp;ssl=1 150w, https:\/\/i0.wp.com\/propriobateau.ca\/wp-content\/uploads\/2026\/02\/Capture-decran-le-2025-06-12-a-13.00.02-568x568-1.jpg?resize=100%2C100&amp;ssl=1 100w, https:\/\/i0.wp.com\/propriobateau.ca\/wp-content\/uploads\/2026\/02\/Capture-decran-le-2025-06-12-a-13.00.02-568x568-1.jpg?resize=165%2C165&amp;ssl=1 165w\" sizes=\"(max-width: 568px) 100vw, 568px\" \/>\t\t\t\t\t\t\t\t\t\t\t\t\t\t\t<\/div>\n\t\t\t\t<\/div>\n\t\t\t\t\t<\/div>\n\t\t\t\t<\/div>\n\t\t\t\t<\/div>","protected":false},"excerpt":{"rendered":"<p>Service de r\u00e9paration r\u00e9frig\u00e9ration et climatisation pour bateau. Pour un service professionnel et rapide, il faut contacter la compagnie GES-MEC sp\u00e9cialis\u00e9e \u00e9galement pour les bateaux avec un service mobile tr\u00e8s efficace (8 unit\u00e9s). Cliquez ici pour voir leur site web, division marine. T\u00e9l\u00e9phone 1-866-943-7632 Courriel Jason@ges-mec-vr.com<\/p>","protected":false},"author":119081454,"featured_media":0,"parent":0,"menu_order":0,"comment_status":"closed","ping_status":"closed","template":"","meta":{"_crdt_document":"","advanced_seo_description":"","jetpack_seo_html_title":"","jetpack_seo_noindex":false,"footnotes":""},"class_list":["post-195932","page","type-page","status-publish","hentry"],"jetpack_likes_enabled":true,"jetpack_sharing_enabled":true,"jetpack_shortlink":"https:\/\/wp.me\/PgRmCS-OYc","jetpack-related-posts":[],"_links":{"self":[{"href":"https:\/\/propriobateau.ca\/en\/wp-json\/wp\/v2\/pages\/195932","targetHints":{"allow":["GET"]}}],"collection":[{"href":"https:\/\/propriobateau.ca\/en\/wp-json\/wp\/v2\/pages"}],"about":[{"href":"https:\/\/propriobateau.ca\/en\/wp-json\/wp\/v2\/types\/page"}],"author":[{"embeddable":true,"href":"https:\/\/propriobateau.ca\/en\/wp-json\/wp\/v2\/users\/119081454"}],"replies":[{"embeddable":true,"href":"https:\/\/propriobateau.ca\/en\/wp-json\/wp\/v2\/comments?post=195932"}],"version-history":[{"count":28,"href":"https:\/\/propriobateau.ca\/en\/wp-json\/wp\/v2\/pages\/195932\/revisions"}],"predecessor-version":[{"id":199119,"href":"https:\/\/propriobateau.ca\/en\/wp-json\/wp\/v2\/pages\/195932\/revisions\/199119"}],"wp:attachment":[{"href":"https:\/\/propriobateau.ca\/en\/wp-json\/wp\/v2\/media?parent=195932"}],"curies":[{"name":"wp","href":"https:\/\/api.w.org\/{rel}","templated":true}]}}