{"id":195944,"date":"2025-12-02T13:53:31","date_gmt":"2025-12-02T13:53:31","guid":{"rendered":"https:\/\/propriobateau.ca\/?page_id=195944"},"modified":"2026-02-02T21:58:31","modified_gmt":"2026-02-02T21:58:31","slug":"various-services","status":"publish","type":"page","link":"https:\/\/propriobateau.ca\/en\/various-services\/","title":{"rendered":"SERVICES FOR BOAERS"},"content":{"rendered":"<div data-elementor-type=\"wp-page\" data-elementor-id=\"195944\" class=\"elementor elementor-195944\">\n\t\t\t\t<div class=\"elementor-element elementor-element-7af4081 e-flex e-con-boxed e-con e-parent\" data-id=\"7af4081\" data-element_type=\"container\" data-e-type=\"container\">\n\t\t\t\t\t<div class=\"e-con-inner\">\n\t\t\t\t<div class=\"elementor-element elementor-element-118da40 elementor-widget elementor-widget-heading\" data-id=\"118da40\" data-element_type=\"widget\" data-e-type=\"widget\" data-widget_type=\"heading.default\">\n\t\t\t\t\t<h1 class=\"elementor-heading-title elementor-size-default\">SERVICES FOR BOAERS<\/h1>\t\t\t\t<\/div>\n\t\t\t\t\t<\/div>\n\t\t\t\t<\/div>\n\t\t<div class=\"elementor-element elementor-element-e967b23 e-flex e-con-boxed e-con e-parent\" data-id=\"e967b23\" data-element_type=\"container\" data-e-type=\"container\">\n\t\t\t\t\t<div class=\"e-con-inner\">\n\t\t\t\t<div class=\"elementor-element elementor-element-dd9b42f elementor-widget__width-initial elementor-widget elementor-widget-text-editor\" data-id=\"dd9b42f\" data-element_type=\"widget\" data-e-type=\"widget\" data-widget_type=\"text-editor.default\">\n\t\t\t\t\t\t\t\t\t<p>The team of brokers at Ita Yachts Canada and its ProprioBateau division offers you a range of services that make all the difference.<strong>Boat search<\/strong><\/p><p>We put our specialists at your disposal to find the boat that meets your criteria and expectations. We search in all markets, across Canada, United States and even in Europe.<\/p><p>\u00a0<\/p><p>If you absolutely want a freshwater boat, no problem.<\/p><p>If you want to take advantage of the tax breaks available to you when sailing outside Canada, if you don\u2019t want to pay Canada\u2019s new luxury tax, if you want the best deal according to your criteria, we\u2019re here for you.<\/p><p>\u00a0<\/p><p><strong>New Azimut  for delivery in the USA<\/strong><\/p><p>\u00a0<\/p>\t\t\t\t\t\t\t\t<\/div>\n\t\t\t\t\t<\/div>\n\t\t\t\t<\/div>\n\t\t<div class=\"elementor-element elementor-element-3d4da8a e-flex e-con-boxed e-con e-parent\" data-id=\"3d4da8a\" data-element_type=\"container\" data-e-type=\"container\">\n\t\t\t\t\t<div class=\"e-con-inner\">\n\t\t\t\t<div class=\"elementor-element elementor-element-4d76bcd elementor-widget__width-initial elementor-widget elementor-widget-image\" data-id=\"4d76bcd\" data-element_type=\"widget\" data-e-type=\"widget\" data-widget_type=\"image.default\">\n\t\t\t\t\t\t\t\t\t\t\t\t\t\t\t<img fetchpriority=\"high\" decoding=\"async\" data-attachment-id=\"199287\" data-permalink=\"https:\/\/propriobateau.ca\/en\/various-services\/image-azimut-yachts\/\" data-orig-file=\"https:\/\/i0.wp.com\/propriobateau.ca\/wp-content\/uploads\/2026\/02\/image-Azimut-Yachts-.jpeg?fit=1440%2C808&amp;ssl=1\" data-orig-size=\"1440,808\" data-comments-opened=\"1\" data-image-meta=\"{&quot;aperture&quot;:&quot;0&quot;,&quot;credit&quot;:&quot;&quot;,&quot;camera&quot;:&quot;&quot;,&quot;caption&quot;:&quot;&quot;,&quot;created_timestamp&quot;:&quot;0&quot;,&quot;copyright&quot;:&quot;&quot;,&quot;focal_length&quot;:&quot;0&quot;,&quot;iso&quot;:&quot;0&quot;,&quot;shutter_speed&quot;:&quot;0&quot;,&quot;title&quot;:&quot;&quot;,&quot;orientation&quot;:&quot;0&quot;}\" data-image-title=\"image-Azimut-Yachts-\" data-image-description=\"\" data-image-caption=\"\" data-large-file=\"https:\/\/i0.wp.com\/propriobateau.ca\/wp-content\/uploads\/2026\/02\/image-Azimut-Yachts-.jpeg?fit=600%2C337&amp;ssl=1\" width=\"1440\" height=\"808\" src=\"https:\/\/i0.wp.com\/propriobateau.ca\/wp-content\/uploads\/2026\/02\/image-Azimut-Yachts-.jpeg?fit=1440%2C808&amp;ssl=1\" class=\"attachment-full size-full wp-image-199287\" alt=\"\" srcset=\"https:\/\/i0.wp.com\/propriobateau.ca\/wp-content\/uploads\/2026\/02\/image-Azimut-Yachts-.jpeg?w=1440&amp;ssl=1 1440w, https:\/\/i0.wp.com\/propriobateau.ca\/wp-content\/uploads\/2026\/02\/image-Azimut-Yachts-.jpeg?resize=300%2C168&amp;ssl=1 300w, https:\/\/i0.wp.com\/propriobateau.ca\/wp-content\/uploads\/2026\/02\/image-Azimut-Yachts-.jpeg?resize=1024%2C575&amp;ssl=1 1024w, https:\/\/i0.wp.com\/propriobateau.ca\/wp-content\/uploads\/2026\/02\/image-Azimut-Yachts-.jpeg?resize=768%2C431&amp;ssl=1 768w, https:\/\/i0.wp.com\/propriobateau.ca\/wp-content\/uploads\/2026\/02\/image-Azimut-Yachts-.jpeg?resize=167%2C93&amp;ssl=1 167w, https:\/\/i0.wp.com\/propriobateau.ca\/wp-content\/uploads\/2026\/02\/image-Azimut-Yachts-.jpeg?resize=165%2C93&amp;ssl=1 165w, https:\/\/i0.wp.com\/propriobateau.ca\/wp-content\/uploads\/2026\/02\/image-Azimut-Yachts-.jpeg?w=1200&amp;ssl=1 1200w\" sizes=\"(max-width: 600px) 100vw, 600px\" \/>\t\t\t\t\t\t\t\t\t\t\t\t\t\t\t<\/div>\n\t\t\t\t\t<\/div>\n\t\t\t\t<\/div>\n\t\t<div class=\"elementor-element elementor-element-83cad5e e-flex e-con-boxed e-con e-parent\" data-id=\"83cad5e\" data-element_type=\"container\" data-e-type=\"container\">\n\t\t\t\t\t<div class=\"e-con-inner\">\n\t\t\t\t<div class=\"elementor-element elementor-element-57a3d46 elementor-widget__width-initial elementor-widget elementor-widget-text-editor\" data-id=\"57a3d46\" data-element_type=\"widget\" data-e-type=\"widget\" data-widget_type=\"text-editor.default\">\n\t\t\t\t\t\t\t\t\t<p>If you would like to purchase a new Azimut Yacht and have access to the after-sales service of MarineMax, the only exclusive dealer in the United States for the sale and repair of Azimut yachts, then contact us. We will assist you in acquiring an Azimut there with the best warranty coverage and, above all, at the best price. So you don\u2019t regret your purchase if you\u2019re planning to sail south of Canada or in the Caribbean, contact us to make the most of this opportunity.<\/p><p><br \/><br \/><strong>Market value appraisal<\/strong><\/p><p>\u00a0<\/p><p>If you\u2019d like an appraisal of the market value of your boat, or an appraisal to bring it into Canadian territory, we also offer this service.<\/p><p>\u00a0<\/p><p>Our fees are reasonable and always in line with your requirements. We have access to the best resources in the industry.<\/p><p>\u00a0<\/p><p><strong>Members of major websites<\/strong><\/p><p>\u00a0<\/p><p>We\u2019re also broker members of YACHTWORLD, the No. 1 website worldwide, but especially No. 1 in the USA. We\u2019re also members of BoatDealers, Boats.com and, of course, ProprioBateau.<\/p><p>\u00a0<\/p><p>Contact us right away if you\u2019re in the process of buying or selling, so we can discuss your project and show you alternatives you may not have thought of, which could change your plans for the better.<\/p><p>\u00a0<\/p><p>We\u2019re advisors first and foremost, so don\u2019t hesitate. Whether you\u2019re in the market for a new or used boat, we can make the difference.<\/p><p>We are three brokers that work on every project as a team. You\u2019ll be in good hands, and there will always be someone to help you.<\/p><p>\u00a0<\/p><p><strong>Two options for selling your boat<\/strong><\/p><p>\u00a0<\/p><p>When it comes to selling your boat, we offer two options: one with a broker, the other with no broker and therefore no commission to pay.<\/p><p>\u00a0<\/p><p>It\u2019s up to you to choose the best formula to sell your boat quickly and at a good price <a style=\"color: #da663eff;\" href=\"\/en\/brokerage-option\/\">click here<\/a> for further explanations of the brokerage mode and <a style=\"color: #da663eff;\" href=\"\/en\/without-broker\/\">Click here<\/a> pour le mode sans courtage.<\/p><p>\u00a0<\/p><p>We\u2019re in a position to offer you a complete range of services that will meet your expectations, for all your buying and selling needs.<\/p><p>\u00a0<\/p><p>In brokerage mode, your boat will be present on :<\/p><p>\u00a0<\/p><p>Yachtworld, BoatDealers, Boats.com and ProprioBateau.<\/p><p>\u00a0<\/p><p><strong>Charter service<\/strong><\/p><p>\u00a0<\/p><p>If you\u2019d like to charter a boat locally, in the USA or in Europe, contact us and we\u2019ll help you find a boat or yacht to suit your needs and budget.<\/p><p>\u00a0<\/p><p><strong>Captain service<\/strong><\/p><p>\u00a0<\/p><p>\u00a0<\/p><p>If you\u2019re looking for a captain to move your boat a good distance, contact us \u2013 we\u2019ve got the right references for you.<\/p><p>\u00a0<\/p><p><strong>Boat Show<\/strong><\/p><p>\u00a0<\/p><p>If you\u2019re planning to go to one of the big boat shows in Fort Lauderdale, Miami or Cannes, contact us and we\u2019ll make an appointment for you. We\u2019ve been a fixture at major events for over 20 years. <a style=\"color: #da663eff;\" href=\"https:\/\/itayachtscanada.com\/fr\/salon-des-bateaux\/\">click here<\/a> for the full boat show schedule.<\/p><p>\u00a0<\/p><p><strong>Articles, news, advice\u2026<\/strong><\/p><p>\u00a0<\/p><p class=\"translation-block\">We also publish interesting articles on a variety of subjects. There\u2019s a BLOG on this website, <a style=\"color: #da663eff\" href=\"\/en\/blog\/\" target=\"_self\">click here<\/a>, but also on the Ita Yachts Canada website, <a style=\"color: #da663eff\" href=\"https:\/\/itayachtscanada.com\/fr\/post-2\/\" target=\"_self\">click here.<\/a><\/p><p>\u00a0<\/p>\t\t\t\t\t\t\t\t<\/div>\n\t\t\t\t\t<\/div>\n\t\t\t\t<\/div>\n\t\t\t\t<\/div>","protected":false},"excerpt":{"rendered":"<p>SERVICE DIVERS POUR PLAISANCIER L\u2019\u00e9quipe des courtiers de chez Ita Yachts Canada et de sa division ProprioBateau vous offre une gamme de services qui font la diff\u00e9rence.Recherche de bateau Nous mettons nos sp\u00e9cialistes \u00e0 votre disposition pour trouver le bateau qui va correspondre \u00e0 vos crit\u00e8res et attentes. Ces recherches se font sur tous les [&hellip;]<\/p>\n","protected":false},"author":119081454,"featured_media":0,"parent":0,"menu_order":0,"comment_status":"closed","ping_status":"closed","template":"","meta":{"_crdt_document":"","advanced_seo_description":"","jetpack_seo_html_title":"","jetpack_seo_noindex":false,"footnotes":""},"class_list":["post-195944","page","type-page","status-publish","hentry"],"jetpack_likes_enabled":true,"jetpack_sharing_enabled":true,"jetpack_shortlink":"https:\/\/wp.me\/PgRmCS-OYo","jetpack-related-posts":[],"_links":{"self":[{"href":"https:\/\/propriobateau.ca\/en\/wp-json\/wp\/v2\/pages\/195944","targetHints":{"allow":["GET"]}}],"collection":[{"href":"https:\/\/propriobateau.ca\/en\/wp-json\/wp\/v2\/pages"}],"about":[{"href":"https:\/\/propriobateau.ca\/en\/wp-json\/wp\/v2\/types\/page"}],"author":[{"embeddable":true,"href":"https:\/\/propriobateau.ca\/en\/wp-json\/wp\/v2\/users\/119081454"}],"replies":[{"embeddable":true,"href":"https:\/\/propriobateau.ca\/en\/wp-json\/wp\/v2\/comments?post=195944"}],"version-history":[{"count":22,"href":"https:\/\/propriobateau.ca\/en\/wp-json\/wp\/v2\/pages\/195944\/revisions"}],"predecessor-version":[{"id":199299,"href":"https:\/\/propriobateau.ca\/en\/wp-json\/wp\/v2\/pages\/195944\/revisions\/199299"}],"wp:attachment":[{"href":"https:\/\/propriobateau.ca\/en\/wp-json\/wp\/v2\/media?parent=195944"}],"curies":[{"name":"wp","href":"https:\/\/api.w.org\/{rel}","templated":true}]}}