{"id":195946,"date":"2025-12-02T13:54:07","date_gmt":"2025-12-02T13:54:07","guid":{"rendered":"https:\/\/propriobateau.ca\/?page_id=195946"},"modified":"2026-02-02T22:07:00","modified_gmt":"2026-02-02T22:07:00","slug":"charters","status":"publish","type":"page","link":"https:\/\/propriobateau.ca\/en\/charters\/","title":{"rendered":"RENT A CHARTER"},"content":{"rendered":"<div data-elementor-type=\"wp-page\" data-elementor-id=\"195946\" class=\"elementor elementor-195946\">\n\t\t\t\t<div class=\"elementor-element elementor-element-20657d5 e-flex e-con-boxed e-con e-parent\" data-id=\"20657d5\" data-element_type=\"container\" data-e-type=\"container\">\n\t\t\t\t\t<div class=\"e-con-inner\">\n\t\t\t\t<div class=\"elementor-element elementor-element-4435a88 elementor-widget__width-initial elementor-widget elementor-widget-heading\" data-id=\"4435a88\" data-element_type=\"widget\" data-e-type=\"widget\" data-widget_type=\"heading.default\">\n\t\t\t\t\t<h1 class=\"elementor-heading-title elementor-size-default\">RENT A CHARTER<\/h1>\t\t\t\t<\/div>\n\t\t\t\t\t<\/div>\n\t\t\t\t<\/div>\n\t\t<div class=\"elementor-element elementor-element-f106bc8 e-flex e-con-boxed e-con e-parent\" data-id=\"f106bc8\" data-element_type=\"container\" data-e-type=\"container\">\n\t\t\t\t\t<div class=\"e-con-inner\">\n\t\t\t\t<div class=\"elementor-element elementor-element-4e349b0 elementor-widget__width-initial elementor-widget elementor-widget-text-editor\" data-id=\"4e349b0\" data-element_type=\"widget\" data-e-type=\"widget\" data-widget_type=\"text-editor.default\">\n\t\t\t\t\t\t\t\t\t<p>Would you like to book a yacht or boat trip anywhere in the world?<\/p><p>\u00a0<\/p><p>Contact us and we\u2019ll help you find the best charter according to your wishes and criteria.<\/p><p>\u00a0<\/p><p>To do this, we need the following information:<\/p><p>\u2013 Where do you plan to charter?<br \/>\u2013 Date planned?<br \/>\u2013 Number of people with you?<br \/>\u2013 Day charter or longer stay?<br \/>\u2013 How many rooms do you need?<br \/>\u2013 Budget?<br \/>\u2013 An overview of the yacht you\u2019d like?<\/p><p>\u00a0<\/p><p>For example: number of watercraft, diving equipment, SPA, etc\u2026<\/p><p>\u00a0<\/p><p>To give you a brief overview of the possibilities, click on this link for further explanations and a sample of possible yachts with associated costs. Prices are indicative only.<\/p><p>\u00a0<\/p><p>There are many offers for charter catamarans, with or without captain, with or without crew, in the Caribbean or Florida, not forgetting the Mediterranean.<\/p><p>\u00a0<\/p><p>Contact us and we\u2019ll be happy to assist you.<\/p><p>\u00a0<\/p>\t\t\t\t\t\t\t\t<\/div>\n\t\t\t\t\t<\/div>\n\t\t\t\t<\/div>\n\t\t<div class=\"elementor-element elementor-element-43b6b2a e-grid e-con-boxed e-con e-parent\" data-id=\"43b6b2a\" data-element_type=\"container\" data-e-type=\"container\">\n\t\t\t\t\t<div class=\"e-con-inner\">\n\t\t\t\t<div class=\"elementor-element elementor-element-7def1f1 elementor-widget__width-initial elementor-widget elementor-widget-image\" data-id=\"7def1f1\" data-element_type=\"widget\" data-e-type=\"widget\" data-widget_type=\"image.default\">\n\t\t\t\t\t\t\t\t\t\t\t\t\t\t\t<img fetchpriority=\"high\" decoding=\"async\" data-attachment-id=\"199301\" data-permalink=\"https:\/\/propriobateau.ca\/en\/charters\/1661191693690_big-easy_web_1600x900_right_toys-profile-1024x576\/\" data-orig-file=\"https:\/\/i0.wp.com\/propriobateau.ca\/wp-content\/uploads\/2026\/02\/1661191693690_BIG-EASY_Web_1600x900_Right_Toys-Profile-1024x576-1.jpeg?fit=1024%2C576&amp;ssl=1\" data-orig-size=\"1024,576\" data-comments-opened=\"1\" data-image-meta=\"{&quot;aperture&quot;:&quot;0&quot;,&quot;credit&quot;:&quot;&quot;,&quot;camera&quot;:&quot;&quot;,&quot;caption&quot;:&quot;&quot;,&quot;created_timestamp&quot;:&quot;0&quot;,&quot;copyright&quot;:&quot;&quot;,&quot;focal_length&quot;:&quot;0&quot;,&quot;iso&quot;:&quot;0&quot;,&quot;shutter_speed&quot;:&quot;0&quot;,&quot;title&quot;:&quot;&quot;,&quot;orientation&quot;:&quot;0&quot;}\" data-image-title=\"1661191693690_BIG-EASY_Web_1600x900_Right_Toys-Profile-1024&amp;#215;576\" data-image-description=\"\" data-image-caption=\"\" data-medium-file=\"https:\/\/i0.wp.com\/propriobateau.ca\/wp-content\/uploads\/2026\/02\/1661191693690_BIG-EASY_Web_1600x900_Right_Toys-Profile-1024x576-1.jpeg?fit=300%2C169&amp;ssl=1\" data-large-file=\"https:\/\/i0.wp.com\/propriobateau.ca\/wp-content\/uploads\/2026\/02\/1661191693690_BIG-EASY_Web_1600x900_Right_Toys-Profile-1024x576-1.jpeg?fit=600%2C338&amp;ssl=1\" width=\"600\" height=\"338\" src=\"https:\/\/i0.wp.com\/propriobateau.ca\/wp-content\/uploads\/2026\/02\/1661191693690_BIG-EASY_Web_1600x900_Right_Toys-Profile-1024x576-1.jpeg?fit=600%2C338&amp;ssl=1\" class=\"attachment-large size-large wp-image-199301\" alt=\"\" srcset=\"https:\/\/i0.wp.com\/propriobateau.ca\/wp-content\/uploads\/2026\/02\/1661191693690_BIG-EASY_Web_1600x900_Right_Toys-Profile-1024x576-1.jpeg?w=1024&amp;ssl=1 1024w, https:\/\/i0.wp.com\/propriobateau.ca\/wp-content\/uploads\/2026\/02\/1661191693690_BIG-EASY_Web_1600x900_Right_Toys-Profile-1024x576-1.jpeg?resize=300%2C169&amp;ssl=1 300w, https:\/\/i0.wp.com\/propriobateau.ca\/wp-content\/uploads\/2026\/02\/1661191693690_BIG-EASY_Web_1600x900_Right_Toys-Profile-1024x576-1.jpeg?resize=768%2C432&amp;ssl=1 768w, https:\/\/i0.wp.com\/propriobateau.ca\/wp-content\/uploads\/2026\/02\/1661191693690_BIG-EASY_Web_1600x900_Right_Toys-Profile-1024x576-1.jpeg?resize=167%2C93&amp;ssl=1 167w, https:\/\/i0.wp.com\/propriobateau.ca\/wp-content\/uploads\/2026\/02\/1661191693690_BIG-EASY_Web_1600x900_Right_Toys-Profile-1024x576-1.jpeg?resize=165%2C93&amp;ssl=1 165w\" sizes=\"(max-width: 600px) 100vw, 600px\" \/>\t\t\t\t\t\t\t\t\t\t\t\t\t\t\t<\/div>\n\t\t\t\t<div class=\"elementor-element elementor-element-9881466 elementor-widget elementor-widget-image\" data-id=\"9881466\" data-element_type=\"widget\" data-e-type=\"widget\" data-widget_type=\"image.default\">\n\t\t\t\t\t\t\t\t\t\t\t\t\t\t\t<img decoding=\"async\" data-attachment-id=\"199300\" data-permalink=\"https:\/\/propriobateau.ca\/en\/charters\/starship_seadoos_resized-1024x576\/\" data-orig-file=\"https:\/\/i0.wp.com\/propriobateau.ca\/wp-content\/uploads\/2026\/02\/STARSHIP_seadoos_resized-1024x576-1.jpg?fit=1024%2C576&amp;ssl=1\" data-orig-size=\"1024,576\" data-comments-opened=\"1\" data-image-meta=\"{&quot;aperture&quot;:&quot;5&quot;,&quot;credit&quot;:&quot;Charl Jordaan&quot;,&quot;camera&quot;:&quot;Canon EOS-1D X Mark II&quot;,&quot;caption&quot;:&quot;&quot;,&quot;created_timestamp&quot;:&quot;1648470399&quot;,&quot;copyright&quot;:&quot;YACHTINGIMAGE.COM&quot;,&quot;focal_length&quot;:&quot;70&quot;,&quot;iso&quot;:&quot;400&quot;,&quot;shutter_speed&quot;:&quot;0.0002&quot;,&quot;title&quot;:&quot;&quot;,&quot;orientation&quot;:&quot;1&quot;}\" data-image-title=\"STARSHIP_seadoos_resized-1024&amp;#215;576\" data-image-description=\"\" data-image-caption=\"\" data-medium-file=\"https:\/\/i0.wp.com\/propriobateau.ca\/wp-content\/uploads\/2026\/02\/STARSHIP_seadoos_resized-1024x576-1.jpg?fit=300%2C169&amp;ssl=1\" data-large-file=\"https:\/\/i0.wp.com\/propriobateau.ca\/wp-content\/uploads\/2026\/02\/STARSHIP_seadoos_resized-1024x576-1.jpg?fit=600%2C338&amp;ssl=1\" width=\"600\" height=\"338\" src=\"https:\/\/i0.wp.com\/propriobateau.ca\/wp-content\/uploads\/2026\/02\/STARSHIP_seadoos_resized-1024x576-1.jpg?fit=600%2C338&amp;ssl=1\" class=\"attachment-large size-large wp-image-199300\" alt=\"\" srcset=\"https:\/\/i0.wp.com\/propriobateau.ca\/wp-content\/uploads\/2026\/02\/STARSHIP_seadoos_resized-1024x576-1.jpg?w=1024&amp;ssl=1 1024w, https:\/\/i0.wp.com\/propriobateau.ca\/wp-content\/uploads\/2026\/02\/STARSHIP_seadoos_resized-1024x576-1.jpg?resize=300%2C169&amp;ssl=1 300w, https:\/\/i0.wp.com\/propriobateau.ca\/wp-content\/uploads\/2026\/02\/STARSHIP_seadoos_resized-1024x576-1.jpg?resize=768%2C432&amp;ssl=1 768w, https:\/\/i0.wp.com\/propriobateau.ca\/wp-content\/uploads\/2026\/02\/STARSHIP_seadoos_resized-1024x576-1.jpg?resize=167%2C93&amp;ssl=1 167w, https:\/\/i0.wp.com\/propriobateau.ca\/wp-content\/uploads\/2026\/02\/STARSHIP_seadoos_resized-1024x576-1.jpg?resize=165%2C93&amp;ssl=1 165w\" sizes=\"(max-width: 600px) 100vw, 600px\" \/>\t\t\t\t\t\t\t\t\t\t\t\t\t\t\t<\/div>\n\t\t\t\t\t<\/div>\n\t\t\t\t<\/div>\n\t\t\t\t<\/div>","protected":false},"excerpt":{"rendered":"<p>SERVICE DE LOCATION OU R\u00c9SERVER UN CHARTER Vous d\u00e9sirez r\u00e9server un s\u00e9jour en bateau ou yacht et ce partout dans le monde. \u00a0 Contactez-nous et nous allons vous accompagner pour trouver le meilleur charter selon vos d\u00e9sirs et crit\u00e8res. \u00a0 Pour ce faire il nous faut les informations suivantes : \u2013 Lieu pr\u00e9vu pour le [&hellip;]<\/p>\n","protected":false},"author":119081454,"featured_media":0,"parent":0,"menu_order":0,"comment_status":"closed","ping_status":"closed","template":"","meta":{"_crdt_document":"","advanced_seo_description":"","jetpack_seo_html_title":"","jetpack_seo_noindex":false,"jetpack_post_was_ever_published":false,"footnotes":""},"class_list":["post-195946","page","type-page","status-publish","hentry"],"jetpack_likes_enabled":true,"jetpack_sharing_enabled":true,"jetpack_shortlink":"https:\/\/wp.me\/PgRmCS-OYq","jetpack-related-posts":[],"_links":{"self":[{"href":"https:\/\/propriobateau.ca\/en\/wp-json\/wp\/v2\/pages\/195946","targetHints":{"allow":["GET"]}}],"collection":[{"href":"https:\/\/propriobateau.ca\/en\/wp-json\/wp\/v2\/pages"}],"about":[{"href":"https:\/\/propriobateau.ca\/en\/wp-json\/wp\/v2\/types\/page"}],"author":[{"embeddable":true,"href":"https:\/\/propriobateau.ca\/en\/wp-json\/wp\/v2\/users\/119081454"}],"replies":[{"embeddable":true,"href":"https:\/\/propriobateau.ca\/en\/wp-json\/wp\/v2\/comments?post=195946"}],"version-history":[{"count":4,"href":"https:\/\/propriobateau.ca\/en\/wp-json\/wp\/v2\/pages\/195946\/revisions"}],"predecessor-version":[{"id":199304,"href":"https:\/\/propriobateau.ca\/en\/wp-json\/wp\/v2\/pages\/195946\/revisions\/199304"}],"wp:attachment":[{"href":"https:\/\/propriobateau.ca\/en\/wp-json\/wp\/v2\/media?parent=195946"}],"curies":[{"name":"wp","href":"https:\/\/api.w.org\/{rel}","templated":true}]}}